{"id":890,"date":"2023-03-14T14:43:01","date_gmt":"2023-03-14T13:43:01","guid":{"rendered":"https:\/\/xkantor.com\/?page_id=890"},"modified":"2024-12-17T12:42:15","modified_gmt":"2024-12-17T11:42:15","slug":"kontakt","status":"publish","type":"page","link":"https:\/\/xkantor.com\/pl\/kontakt\/","title":{"rendered":"Kontakt"},"content":{"rendered":"<section class=\"pagerheadercontact bg-grey2-alpha\" data-menu-bg=\"grey\">\n    <div class=\"container\">\n        <div class=\"row\">\n\n            <div class=\"offset-lg-2 col-lg-8 col-20 d-flex justify-content-center flex-column my-6 my-lg-0\">\n\n                <div data-x-aos=\"fade-up\">\n                    <h1 class=\"text-quer pb-lg-5 pb-lg-3 pb-2 text-greytypo mt-lg-0 mt-2\">\n                        Prosimy o kontakt mailowy lub telefoniczny                        <\/p>\n                <\/div>\n\n                <div data-x-aos=\"fade-up\">\n                    \r\n\r\n\r\n<h1 class=\"h1-quer\"><a href=\"mailto:info@xkantor.com\">info@xkantor.com<\/a><\/h1>\r\n\r\n                <\/div>\n\n                <div data-x-aos=\"fade-up\">\n                    <p class=\"text-white h1-quer mt-lg-2 mt-0\"><a href=\"tel:+48885050505\">+48 885 050 505<\/a><\/p>\n                <\/div>\n\n            <\/div>\n\n            <div class=\"col-lg-10 col-20  mt-lg-0 mt-3 p-0 p-lg-auto\">\n\n                <img decoding=\"async\" src=\"https:\/\/xkantor.com\/wp-content\/uploads\/2023\/06\/Tablet-i-telefon-jasny_PL.jpg\" alt=\"\" style=\"\" class=\"edge-to-edge\" \/>\n\n            <\/div>\n        <\/div>\n\n\n    <\/div>\n<\/section>\n\n<section class=\"onecolumntext \" id=\"\" >\n    <div class=\"container\">\n\n        <div class=\"row gy-5 gy-lg-4 js-currency-block\">\n\n            <div class=\"col-20 px-0 d-block d-lg-none mx-0 mt-0 mb-2\">\n                            <\/div>\n\n            <div class=\"col-20 offset-lg-2 col-lg-6\">\n                <div class=\"js-sticky-widget\">\n                    <div data-x-aos=\"fade-up\">\r\n\r\n\r\n<h2 class=\"h2-quer-small\">Godziny pracy<\/h2>\r\n\r\n<\/div>\n                                    <\/div>\n            <\/div>\n\n            <div class=\"col-20 col-lg-10 offset-lg-2\">\n\n                \n                \n                <div class=\"wysywig-content\" data-aos=\"fade-up\">\n                    <p>Nasze biuro jest otwarte od 8:00 do 16:00 (CET), ale mo\u017cesz dokonywa\u0107 transakcji 24h\/7.<\/p>\n<p>Wp\u0142aty i wyp\u0142aty s\u0105 realizowane od Poniedzia\u0142ku do Pi\u0105tku od 8:00 do 16:00(CET).<\/p>\n                <\/div>\n\n            <\/div>\n\n        <\/div>\n    <\/div>\n<\/section>\n\n<section class=\"onecolumntext \" id=\"\" >\n    <div class=\"container\">\n\n        <div class=\"row gy-5 gy-lg-4 js-currency-block\">\n\n            <div class=\"col-20 px-0 d-block d-lg-none mx-0 mt-0 mb-2\">\n                            <\/div>\n\n            <div class=\"col-20 offset-lg-2 col-lg-6\">\n                <div class=\"js-sticky-widget\">\n                    <div data-x-aos=\"fade-up\">\r\n\r\n\r\n<h2 class=\"h2-quer-small\">Kontakty z dzia\u0142ami<\/h2>\r\n\r\n<\/div>\n                                    <\/div>\n            <\/div>\n\n            <div class=\"col-20 col-lg-10 offset-lg-2\">\n\n                \n                \n                <div class=\"wysywig-content\" data-aos=\"fade-up\">\n                    <h5>Biuro Obs\u0142ugi Klienta<\/h5>\n<p>+48 885 050 505<br \/>\ninfo@xkantor.com<\/p>\n<p>&nbsp;<\/p>\n<h5>Inspektor Ochrony Danych Osobowych<\/h5>\n<p>+48\u00a0791\u00a0374 994<br \/>\niod@payholding.com<\/p>\n<p>&nbsp;<\/p>\n<h5>Sygnali\u015bci<\/h5>\n<p>+48\u00a0791\u00a0374 994<br \/>\nsygnalisci@payholding.com<\/p>\n                <\/div>\n\n            <\/div>\n\n        <\/div>\n    <\/div>\n<\/section>\n\n<section class=\"newsletter\" data-menu-bg=\"light-grey\">\n\n    <div class=\"container\">\n\n        <div class=\"row\">\n            <div class=\"col-lg-16 offset-lg-2\">\n                <div class=\"row\">\n                    <div class=\"col-20 col-lg-11\">\n                        <h2 class=\"h1-quer-small mb-3 mb-md-0\" data-aos=\"fade-up\">\n                            Newsletter<\/h2>\n                    <\/div>\n                    <div class=\"col-20 col-lg-7\">\n                        <p class=\"text-quer-small\" data-aos=\"fade-up\">Biuletyny z komentarzem walutowym, naj\u015bwie\u017csze informacje ze \u015bwiatowej gospodarki i aktualizacje platformy.<\/p>\n                    <\/div>\n                <\/div>\n                <div class=\"row\">\n                    <div class=\"col-20 col-md-9 offset-lg-11\">\n                        <div class=\"form-container mt-5\">\n                            <form data-aos=\"fade-up\" data-aos-delay=\"200\">\n                                <input type=\"email\" required\n                                    placeholder=\"Wpisz sw\u00f3j adres e-mail\" \/>\n                                <button type=\"submit\" class=\"btn grey\">Wy\u015blij<\/button>\n                            <\/form>\n                            <div class=\"form-success mt-3\" data-aos=\"fade-up\" data-aos-delay=\"300\">\n                                <p>Dzi\u0119kujemy za subskrypcj\u0119 naszego newslettera!                            <\/div>\n                            <div class=\"form-error mt-3\" data-aos=\"fade-up\" data-aos-delay=\"300\">\n                                <p>Wyst\u0105pi\u0142 b\u0142\u0105d. Prosz\u0119 spr\u00f3bowa\u0107 p\u00f3\u017aniej                            <\/div>\n                            <p class=\"mt-3 legal-text\" data-aos=\"fade-up\" data-aos-delay=\"300\">\n                                Wysy\u0142aj\u0105c wiadomo\u015b\u0107 e-mail akceptujesz <a href=\"https:\/\/xkantor.com\/pl\/polityka-prywatnosci\/\">Polityk\u0119 Prywatno\u015bci<\/a> oraz <a href=\"https:\/\/xkantor.com\/pl\/regulaminy\/\">Regulamin<\/a><\/p>\n                        <\/div>\n                    <\/div>\n                <\/div>\n                <div class=\"row legal justify-content-between\">\n                    <div class=\"col-20 col-lg-6\" data-aos=\"fade-up\" data-aos-delay=\"0\">\n                        <div class=\"pb-3\">\n                            <svg width=\"16\" height=\"16\" viewBox=\"0 0 16 16\" fill=\"none\"\n                                xmlns=\"http:\/\/www.w3.org\/2000\/svg\">\n                                <g clip-path=\"url(#clip0_3938_24211)\">\n                                    <path\n                                        d=\"M12.387 1.42658L8.21034 0.0339164C8.07359 -0.011631 7.92576 -0.011631 7.78901 0.0339164L3.61234 1.42658C2.94828 1.64717 2.37062 2.07142 1.96144 2.63906C1.55226 3.20669 1.33237 3.88884 1.33301 4.58858V7.99992C1.33301 13.0419 7.46634 15.8266 7.72901 15.9426C7.81422 15.9804 7.90643 16 7.99968 16C8.09292 16 8.18513 15.9804 8.27034 15.9426C8.53301 15.8266 14.6663 13.0419 14.6663 7.99992V4.58858C14.667 3.88884 14.4471 3.20669 14.0379 2.63906C13.6287 2.07142 13.0511 1.64717 12.387 1.42658ZM13.333 7.99992C13.333 11.6366 9.12034 14.0219 7.99968 14.5926C6.87768 14.0239 2.66634 11.6459 2.66634 7.99992V4.58858C2.66638 4.16877 2.79853 3.75961 3.04405 3.41908C3.28958 3.07855 3.63604 2.82391 4.03434 2.69125L7.99968 1.36925L11.965 2.69125C12.3633 2.82391 12.7098 3.07855 12.9553 3.41908C13.2008 3.75961 13.333 4.16877 13.333 4.58858V7.99992Z\"\n                                        fill=\"#575757\" \/>\n                                    <path\n                                        d=\"M10.1995 5.53338L7.40754 8.33338L5.91154 6.77338C5.8515 6.70774 5.77893 6.65478 5.69811 6.61761C5.61729 6.58045 5.52985 6.55984 5.44093 6.55699C5.35202 6.55414 5.26344 6.56912 5.18041 6.60104C5.09737 6.63295 5.02156 6.68116 4.95745 6.74283C4.89334 6.8045 4.84221 6.87837 4.80709 6.9601C4.77197 7.04183 4.75356 7.12976 4.75295 7.21872C4.75233 7.30767 4.76953 7.39585 4.80352 7.47806C4.83751 7.56027 4.88761 7.63484 4.95087 7.69738L6.4882 9.29738C6.60285 9.42122 6.74143 9.52051 6.89555 9.58927C7.04967 9.65802 7.21613 9.6948 7.38487 9.69738H7.40687C7.57224 9.69793 7.73607 9.66562 7.88885 9.60233C8.04164 9.53905 8.18033 9.44604 8.29687 9.32872L11.1449 6.48072C11.2071 6.41865 11.2564 6.34493 11.2902 6.26378C11.3239 6.18263 11.3413 6.09563 11.3414 6.00776C11.3415 5.91988 11.3242 5.83285 11.2907 5.75163C11.2572 5.67041 11.2079 5.59659 11.1459 5.53438C11.0838 5.47218 11.0101 5.42281 10.9289 5.3891C10.8478 5.35538 10.7608 5.33798 10.6729 5.33789C10.585 5.3378 10.498 5.35501 10.4168 5.38856C10.3356 5.4221 10.2617 5.47131 10.1995 5.53338Z\"\n                                        fill=\"#575757\" \/>\n                                <\/g>\n                                <defs>\n                                    <clipPath id=\"clip0_3938_24211\">\n                                        <rect width=\"16\" height=\"16\" fill=\"white\" \/>\n                                    <\/clipPath>\n                                <\/defs>\n                            <\/svg>\n                        <\/div>\n                        <p>Numer wpisu do prowadzonego przez KNF rejestru dostawc\u00f3w us\u0142ug p\u0142atniczych i wydawc\u00f3w pieni\u0105dza elektronicznego MIP 87\/2020:<br \/>\r\n<br \/>\r\nPayholding International sp. z o.o.<br \/>\r\nSp\u00f3\u0142ka zarejestrowana w S\u0105dzie Rejonowym dla Wroc\u0142awia Fabrycznej, VI Wydzia\u0142 Gospodarczy pod nr rej. 0000760715<br \/>\r\nNIP: 899-28-53-499 REGON: 381808333<br \/>\r\n<br \/>\r\nMIP 87\/2020<br \/>\r\nNumer LEI: 259400Q9IBDQRITOQN38<\/p>\n                    <\/div>\n                    <div class=\"col-20 col-lg-6\" data-aos=\"fade-up\" data-aos-delay=\"100\">\n                        <div class=\"pb-3\">\n                            <svg width=\"16\" height=\"16\" viewBox=\"0 0 16 16\" fill=\"none\"\n                                xmlns=\"http:\/\/www.w3.org\/2000\/svg\">\n                                <g clip-path=\"url(#clip0_3941_24232)\">\n                                    <path\n                                        d=\"M4.0002 3.33447H3.33457C2.96582 3.33447 2.66895 3.63447 2.66895 4.0001C2.66895 4.36885 2.96895 4.66572 3.33457 4.66572H4.0002C4.36895 4.66572 4.66582 4.36572 4.66582 4.0001C4.66582 3.63135 4.36895 3.33447 4.0002 3.33447Z\"\n                                        fill=\"#575757\" \/>\n                                    <path\n                                        d=\"M4.0002 11.3345H3.33457C2.96582 11.3345 2.66895 11.6345 2.66895 12.0001C2.66895 12.3688 2.96895 12.6657 3.33457 12.6657H4.0002C4.36895 12.6657 4.66582 12.3657 4.66582 12.0001C4.66582 11.6313 4.36895 11.3345 4.0002 11.3345Z\"\n                                        fill=\"#575757\" \/>\n                                    <path\n                                        d=\"M4.0002 6H3.33457C2.96582 6 2.66895 6.3 2.66895 6.66563C2.66895 7.03438 2.96895 7.33125 3.33457 7.33125H4.0002C4.36895 7.33125 4.66582 7.03125 4.66582 6.66563C4.66582 6.3 4.36895 6 4.0002 6Z\"\n                                        fill=\"#575757\" \/>\n                                    <path\n                                        d=\"M4.0002 8.66553H3.33457C2.96582 8.66553 2.66895 8.96553 2.66895 9.33115C2.66895 9.6999 2.96895 9.99678 3.33457 9.99678H4.0002C4.36895 9.99678 4.66582 9.69678 4.66582 9.33115C4.66582 8.96553 4.36895 8.66553 4.0002 8.66553Z\"\n                                        fill=\"#575757\" \/>\n                                    <path\n                                        d=\"M12.6656 3.33437H10.6656C10.6656 1.49375 9.17188 0.003125 7.33437 0H3.33437C1.49375 0.003125 0.003125 1.49375 0 3.33437V12.6687C0.003125 14.5062 1.49375 15.9969 3.33437 16H12.6687C14.5094 15.9969 16 14.5062 16.0031 12.6656V6.66563C15.9969 4.82812 14.5062 3.33437 12.6656 3.33437ZM9.33438 14.6656H3.33437C2.23125 14.6656 1.33438 13.7687 1.33438 12.6656V3.33437C1.33438 2.23125 2.23125 1.33438 3.33437 1.33438H7.33437C8.4375 1.33438 9.33438 2.23125 9.33438 3.33437V14.6656ZM14.6656 12.6656C14.6656 13.7687 13.7687 14.6656 12.6656 14.6656H10.6656V4.66563H12.6656C13.7687 4.66563 14.6656 5.5625 14.6656 6.66563V12.6656Z\"\n                                        fill=\"#575757\" \/>\n                                    <path\n                                        d=\"M13.1356 7.13741C13.3956 6.87747 13.3956 6.45602 13.1356 6.19608C12.8757 5.93614 12.4542 5.93614 12.1943 6.19608C11.9344 6.45603 11.9344 6.87747 12.1943 7.13741C12.4542 7.39735 12.8757 7.39735 13.1356 7.13741Z\"\n                                        fill=\"#575757\" \/>\n                                    <path\n                                        d=\"M12.8189 9.98124C13.1767 9.89676 13.3982 9.53825 13.3138 9.18049C13.2293 8.82273 12.8708 8.60118 12.513 8.68566C12.1553 8.77014 11.9337 9.12865 12.0182 9.48641C12.1027 9.84417 12.4612 10.0657 12.8189 9.98124Z\"\n                                        fill=\"#575757\" \/>\n                                <\/g>\n                                <defs>\n                                    <clipPath id=\"clip0_3941_24232\">\n                                        <rect width=\"16\" height=\"16\" fill=\"white\" \/>\n                                    <\/clipPath>\n                                <\/defs>\n                            <\/svg>\n                        <\/div>\n                        <p>Operator walutowy: Payholding International Sp. z o.o. Sp.k. Sp\u00f3\u0142ka jest zarejestrowana w S\u0105dzie Rejonowym dla Wroc\u0142awia Fabrycznej, VI Wydzia\u0142 Gospodarczy<br \/>\r\n<br \/>\r\nKRS: 0000819286<br \/>\r\nNIP: 899-28-73-390<br \/>\r\nREGON: 385083950<\/p>\n                    <\/div>\n                    <div class=\"col-20 col-lg-6\" data-aos=\"fade-up\" data-aos-delay=\"300\">\n                        <div class=\"pb-3\">\n                            <svg width=\"16\" height=\"16\" viewBox=\"0 0 16 16\" fill=\"none\"\n                                xmlns=\"http:\/\/www.w3.org\/2000\/svg\">\n                                <g clip-path=\"url(#clip0_3941_24238)\">\n                                    <path\n                                        d=\"M13.2997 3.69333L10.9797 1.36667C10.0997 0.486667 8.92634 0 7.67968 0H4.66634C2.82634 0 1.33301 1.49333 1.33301 3.33333V12.6667C1.33301 14.5067 2.82634 16 4.66634 16H5.99967C6.36634 16 6.66634 15.7 6.66634 15.3333C6.66634 14.9667 6.36634 14.6667 5.99967 14.6667H4.66634C3.56634 14.6667 2.66634 13.7667 2.66634 12.6667V3.33333C2.66634 2.23333 3.56634 1.33333 4.66634 1.33333H7.67301C7.77968 1.33333 7.89301 1.33333 7.99967 1.34667V4.66667C7.99967 5.76667 8.89967 6.66667 9.99967 6.66667H13.3197C13.333 6.77333 13.333 6.88 13.333 6.99333V12.6667C13.333 13.38 12.9463 14.04 12.333 14.4C12.013 14.5867 11.9063 14.9933 12.093 15.3133C12.273 15.6333 12.6797 15.74 13.0063 15.56C14.033 14.9667 14.673 13.86 14.673 12.6733V6.99333C14.673 5.74667 14.1863 4.57333 13.3063 3.69333H13.2997ZM9.99967 5.33333C9.63301 5.33333 9.33301 5.03333 9.33301 4.66667V1.77333C9.58634 1.92 9.81967 2.1 10.033 2.31333L12.353 4.64C12.5663 4.85333 12.7463 5.08667 12.893 5.34H9.99967V5.33333ZM9.33301 8C7.85967 8 6.66634 9.19333 6.66634 10.6667C6.66634 11.6533 7.20634 12.5133 7.99967 12.9733V15.5133C7.99967 15.94 8.51967 16.1533 8.81967 15.8533L9.33301 15.34L9.84634 15.8533C10.1463 16.1533 10.6663 15.94 10.6663 15.5133V12.9733C11.4597 12.5133 11.9997 11.6467 11.9997 10.6667C11.9997 9.19333 10.8063 8 9.33301 8ZM9.33301 12C8.59967 12 7.99967 11.4 7.99967 10.6667C7.99967 9.93333 8.59967 9.33333 9.33301 9.33333C10.0663 9.33333 10.6663 9.93333 10.6663 10.6667C10.6663 11.4 10.0663 12 9.33301 12Z\"\n                                        fill=\"#575757\" \/>\n                                <\/g>\n                                <defs>\n                                    <clipPath id=\"clip0_3941_24238\">\n                                        <rect width=\"16\" height=\"16\" fill=\"white\" \/>\n                                    <\/clipPath>\n                                <\/defs>\n                            <\/svg>\n                        <\/div>\n                        <p>XKANTOR jest nazw\u0105 handlow\u0105 Payholding International Sp. z o.o. Sp.k. Sp\u00f3\u0142ka jest zarejestrowana w S\u0105dzie Rejonowym dla Wroc\u0142awia-Fabrycznej, VI Wydzia\u0142 Gospodarczy<br \/>\r\n<br \/>\r\nKRS: 0000819286<br \/>\r\nNIP: 899-28-73-390<br \/>\r\nREGON: 385083950<\/p>\n                    <\/div>\n                <\/div>\n            <\/div>\n        <\/div>\n\n<\/section>","protected":false},"excerpt":{"rendered":"","protected":false},"author":1,"featured_media":0,"parent":0,"menu_order":0,"comment_status":"closed","ping_status":"closed","template":"","meta":{"_acf_changed":false,"inline_featured_image":false,"footnotes":""},"class_list":["post-890","page","type-page","status-publish","hentry"],"acf":[],"_links":{"self":[{"href":"https:\/\/xkantor.com\/pl\/wp-json\/wp\/v2\/pages\/890","targetHints":{"allow":["GET"]}}],"collection":[{"href":"https:\/\/xkantor.com\/pl\/wp-json\/wp\/v2\/pages"}],"about":[{"href":"https:\/\/xkantor.com\/pl\/wp-json\/wp\/v2\/types\/page"}],"author":[{"embeddable":true,"href":"https:\/\/xkantor.com\/pl\/wp-json\/wp\/v2\/users\/1"}],"replies":[{"embeddable":true,"href":"https:\/\/xkantor.com\/pl\/wp-json\/wp\/v2\/comments?post=890"}],"version-history":[{"count":24,"href":"https:\/\/xkantor.com\/pl\/wp-json\/wp\/v2\/pages\/890\/revisions"}],"predecessor-version":[{"id":2067,"href":"https:\/\/xkantor.com\/pl\/wp-json\/wp\/v2\/pages\/890\/revisions\/2067"}],"wp:attachment":[{"href":"https:\/\/xkantor.com\/pl\/wp-json\/wp\/v2\/media?parent=890"}],"curies":[{"name":"wp","href":"https:\/\/api.w.org\/{rel}","templated":true}]}}